{"id":834,"date":"2022-11-20T09:00:19","date_gmt":"2022-11-20T09:00:19","guid":{"rendered":"https:\/\/karolnosek.pl\/?page_id=834"},"modified":"2022-12-05T09:30:55","modified_gmt":"2022-12-05T09:30:55","slug":"wspolpraca","status":"publish","type":"page","link":"https:\/\/karolnosek.pl\/index.php\/wspolpraca\/","title":{"rendered":"Wsp\u00f3\u0142praca"},"content":{"rendered":"\t\t<div data-elementor-type=\"wp-page\" data-elementor-id=\"834\" class=\"elementor elementor-834\">\n\t\t\t\t\t\t\t\t\t<section data-particle_enable=\"false\" data-particle-mobile-disabled=\"false\" class=\"elementor-section elementor-top-section elementor-element elementor-element-e7f57fc elementor-section-boxed elementor-section-height-default elementor-section-height-default\" data-id=\"e7f57fc\" data-element_type=\"section\">\n\t\t\t\t\t\t<div class=\"elementor-container elementor-column-gap-default\">\n\t\t\t\t\t<div class=\"elementor-column elementor-col-100 elementor-top-column elementor-element elementor-element-89d1581\" data-id=\"89d1581\" data-element_type=\"column\">\n\t\t\t<div class=\"elementor-widget-wrap elementor-element-populated\">\n\t\t\t\t\t\t\t\t<div class=\"elementor-element elementor-element-2e9ebfd elementor-widget elementor-widget-eael-image-scroller\" data-id=\"2e9ebfd\" data-element_type=\"widget\" data-widget_type=\"eael-image-scroller.default\">\n\t\t\t\t<div class=\"elementor-widget-container\">\n\t\t\t<div class=\"eael-image-scroller eael-image-scroller-vertical eael-image-scroller-hover\">\n\t\t\t<img decoding=\"async\" src=\"https:\/\/karolnosek.pl\/wp-content\/uploads\/2022\/11\/man-gcddb8cb62_1280.jpg\" alt=\"\">\n\t\t<\/div>\t\t<\/div>\n\t\t\t\t<\/div>\n\t\t\t\t\t<\/div>\n\t\t<\/div>\n\t\t\t\t\t\t\t<\/div>\n\t\t<\/section>\n\t\t\t\t<section data-particle_enable=\"false\" data-particle-mobile-disabled=\"false\" class=\"elementor-section elementor-top-section elementor-element elementor-element-fc42b5b elementor-section-boxed elementor-section-height-default elementor-section-height-default\" data-id=\"fc42b5b\" data-element_type=\"section\">\n\t\t\t\t\t\t<div class=\"elementor-container elementor-column-gap-default\">\n\t\t\t\t\t<div class=\"elementor-column elementor-col-100 elementor-top-column elementor-element elementor-element-40af09d\" data-id=\"40af09d\" data-element_type=\"column\">\n\t\t\t<div class=\"elementor-widget-wrap elementor-element-populated\">\n\t\t\t\t\t\t\t\t<div class=\"elementor-element elementor-element-dbac0fc elementor-widget elementor-widget-eael-adv-tabs\" data-id=\"dbac0fc\" data-element_type=\"widget\" data-widget_type=\"eael-adv-tabs.default\">\n\t\t\t\t<div class=\"elementor-widget-container\">\n\t\t\t        <div id=\"eael-advance-tabs-dbac0fc\" class=\"eael-advance-tabs eael-tabs-horizontal eael-tab-auto-active\" data-tabid=\"dbac0fc\">\n            <div class=\"eael-tabs-nav\">\n                <ul class=\"eael-tab-inline-icon\">\n                                            <li id=\"wsppraca-online\" class=\"active-default eael-tab-item-trigger\" aria-selected=\"true\" data-tab=\"1\" role=\"tab\" tabindex=\"0\" aria-controls=\"wsppraca-online-tab\" aria-expanded=\"false\">\n                            \n                                                                <i class=\"fas fa-hands-helping\"><\/i>                                                            \n                                                            <span class=\"eael-tab-title  title-after-icon\">Wsp\u00f3\u0142praca Online<\/span>                            \n                                                    <\/li>\n                                            <li id=\"trening-personalny\" class=\" eael-tab-item-trigger\" aria-selected=\"false\" data-tab=\"2\" role=\"tab\" tabindex=\"-1\" aria-controls=\"trening-personalny-tab\" aria-expanded=\"false\">\n                            \n                                                                <i class=\"fas fa-hands-helping\"><\/i>                                                            \n                                                            <span class=\"eael-tab-title  title-after-icon\">Trening Personalny<\/span>                            \n                                                    <\/li>\n                                    <\/ul>\n            <\/div>\n            \n            <div class=\"eael-tabs-content\">\n\t\t        \n                    <div id=\"wsppraca-online-tab\" class=\"clearfix eael-tab-content-item active-default\" data-title-link=\"wsppraca-online-tab\">\n\t\t\t\t        \t\t\t\t\t        <p><strong>Co dostajesz we wsp\u00f3\u0142pracy online ze mn\u0105?<br \/><\/strong> <br \/>- Plan \u017cywieniowy, w kt\u00f3rym uwzgl\u0119dnimy Twoje ulubione dania i produkty <br \/>- Plan treningowy dostosowany do Twoich potrzeb, celu i mo\u017cliwo\u015bci <br \/>- Sta\u0142y kontakt Facebook <br \/>- Cotygodniowe raporty wynik\u00f3w <br \/>- Analiz\u0119 video wykonywanych \u0107wicze\u0144 <br \/>- NIEODP\u0141ATNE zmiany i korekty w planach, kt\u00f3re b\u0119dziemy wprowadza\u0107 wg. efekt\u00f3w, kt\u00f3re osi\u0105gniesz <br \/>- Naucz\u0119 Ci\u0119 racjonalnego podej\u015bcia do \u017cywienia i treningu <br \/>- Nowego\/now\u0105 siebie!<\/p>\t\t\t\t                            <\/div>\n\t\t        \n                    <div id=\"trening-personalny-tab\" class=\"clearfix eael-tab-content-item \" data-title-link=\"trening-personalny-tab\">\n\t\t\t\t        \t\t\t\t\t        <p><strong>Na co mo\u017cesz liczy\u0107 podczas treningu personalnego?<br \/><\/strong><br \/>W moim studio w trakcie treningu jeste\u015bmy TYLKO MY! <br \/>- Pomog\u0119 poprawi\u0107 Ci Twoje zdrowie <br \/>- Pozb\u0119dziemy si\u0119 dolegliwo\u015bci b\u00f3lowych kr\u0119gos\u0142upa etc. <br \/>- Pomog\u0119 Ci przesta\u0107 si\u0119 garbi\u0107 <br \/>- Naprawimy razem ewentualne wady postawy<\/p>\t\t\t\t                            <\/div>\n\t\t                    <\/div>\n        <\/div>\n\t\t<\/div>\n\t\t\t\t<\/div>\n\t\t\t\t\t<\/div>\n\t\t<\/div>\n\t\t\t\t\t\t\t<\/div>\n\t\t<\/section>\n\t\t\t\t\t\t\t<\/div>\n\t\t","protected":false},"excerpt":{"rendered":"<p>Wsp\u00f3\u0142praca Online Trening Personalny Co dostajesz we wsp\u00f3\u0142pracy online ze mn\u0105? &#8211; Plan \u017cywieniowy, w kt\u00f3rym uwzgl\u0119dnimy Twoje ulubione dania i produkty &#8211; Plan treningowy dostosowany do Twoich potrzeb, celu i mo\u017cliwo\u015bci &#8211; Sta\u0142y kontakt Facebook &#8211; Cotygodniowe raporty wynik\u00f3w &#8211; Analiz\u0119 video wykonywanych \u0107wicze\u0144 &#8211; NIEODP\u0141ATNE zmiany i korekty w planach, kt\u00f3re b\u0119dziemy wprowadza\u0107 [&hellip;]<\/p>\n","protected":false},"author":1,"featured_media":0,"parent":0,"menu_order":0,"comment_status":"closed","ping_status":"closed","template":"","meta":[],"_links":{"self":[{"href":"https:\/\/karolnosek.pl\/index.php\/wp-json\/wp\/v2\/pages\/834"}],"collection":[{"href":"https:\/\/karolnosek.pl\/index.php\/wp-json\/wp\/v2\/pages"}],"about":[{"href":"https:\/\/karolnosek.pl\/index.php\/wp-json\/wp\/v2\/types\/page"}],"author":[{"embeddable":true,"href":"https:\/\/karolnosek.pl\/index.php\/wp-json\/wp\/v2\/users\/1"}],"replies":[{"embeddable":true,"href":"https:\/\/karolnosek.pl\/index.php\/wp-json\/wp\/v2\/comments?post=834"}],"version-history":[{"count":34,"href":"https:\/\/karolnosek.pl\/index.php\/wp-json\/wp\/v2\/pages\/834\/revisions"}],"predecessor-version":[{"id":1141,"href":"https:\/\/karolnosek.pl\/index.php\/wp-json\/wp\/v2\/pages\/834\/revisions\/1141"}],"wp:attachment":[{"href":"https:\/\/karolnosek.pl\/index.php\/wp-json\/wp\/v2\/media?parent=834"}],"curies":[{"name":"wp","href":"https:\/\/api.w.org\/{rel}","templated":true}]}}